{"id":1071,"date":"2015-12-14T07:14:55","date_gmt":"2015-12-14T07:14:55","guid":{"rendered":"http:\/\/consulting.stylemixthemes.com\/?page_id=2"},"modified":"2025-08-28T23:54:15","modified_gmt":"2025-08-28T23:54:15","slug":"sample-page-2","status":"publish","type":"page","link":"https:\/\/gokcebeykizapart.com.tr\/","title":{"rendered":"G\u00f6k\u00e7ebey K\u0131z \u00d6\u011frenci Yurdu"},"content":{"rendered":"<p>[vc_row css=&#8221;.vc_custom_1566555245625{margin-top: -112px !important;}&#8221;][vc_column][rev_slider_vc alias=&#8221;highlight-carousel7&#8243;][\/vc_column][\/vc_row][vc_row full_width=&#8221;stretch_row&#8221; css=&#8221;.vc_custom_1566278571833{background-position: center !important;background-repeat: no-repeat !important;background-size: cover !important;}&#8221; el_class=&#8221;third_bg_color&#8221;][vc_column][stm_spacing lg_spacing=&#8221;43&#8243; md_spacing=&#8221;43&#8243; sm_spacing=&#8221;50&#8243; xs_spacing=&#8221;60&#8243;][vc_row_inner content_placement=&#8221;middle&#8221;][vc_column_inner width=&#8221;1\/12&#8243; offset=&#8221;vc_hidden-lg vc_hidden-md vc_hidden-xs&#8221;][\/vc_column_inner][vc_column_inner el_class=&#8221;mobile_align_center&#8221; width=&#8221;5\/6&#8243; offset=&#8221;vc_col-lg-10 vc_col-md-10&#8243;][vc_column_text css=&#8221;.vc_custom_1693517550843{margin-bottom: 0px !important;}&#8221;]<\/p>\n<h4 style=\"padding: 0; margin-bottom: -10px; font-size: 30px; color: #ffffff;\"><span style=\"color: #ffffff;\">Valizini Al Gel!<\/span><\/h4>\n<p style=\"color: #ffffff;\"><span style=\"color: #ffffff;\">\u015eimdi siz de hemen konaklamaya haz\u0131r k\u0131z \u00f6\u011frenciler i\u00e7in \u00f6zel odan\u0131z\u0131 rezerve ettirin!<\/span><\/p>\n<p>[\/vc_column_text][stm_spacing lg_spacing=&#8221;0&#8243; md_spacing=&#8221;0&#8243; sm_spacing=&#8221;30&#8243; xs_spacing=&#8221;30&#8243;][\/vc_column_inner][vc_column_inner width=&#8221;1\/12&#8243; offset=&#8221;vc_hidden-lg vc_hidden-md vc_hidden-xs&#8221;][\/vc_column_inner][vc_column_inner offset=&#8221;vc_col-lg-2 vc_col-md-2&#8243;][vc_btn title=&#8221;Whatsapp ile Ula\u015f\u0131n&#8221; style=&#8221;3d&#8221; shape=&#8221;round&#8221; color=&#8221;success&#8221; size=&#8221;lg&#8221; align=&#8221;right&#8221; i_icon_fontawesome=&#8221;fab fa-whatsapp&#8221; add_icon=&#8221;true&#8221; link=&#8221;url:https%3A%2F%2Fwa.me%2F%3C%2B905438393457%3E&#8221; el_class=&#8221;mobile_align_center&#8221; css=&#8221;.vc_custom_1754955925236{margin-bottom: 0px !important;}&#8221;][\/vc_column_inner][\/vc_row_inner][stm_spacing lg_spacing=&#8221;43&#8243; md_spacing=&#8221;43&#8243; sm_spacing=&#8221;60&#8243; xs_spacing=&#8221;60&#8243;][\/vc_column][\/vc_row][vc_row][vc_column][vc_column_text]<\/p>\n<p style=\"text-align: center;\"><strong>Anbarc\u0131 K\u0131z Apart\u0131\u2019n\u0131n, her biri farkl\u0131 dairelerden olu\u015fan geni\u015f ya\u015fam alanlar\u0131nda, her dairede Banyo-Wc ve mutfak bulunmakta olup, \u00f6\u011frencilerimiz kendi dairelerinde yemek yapabilme imkan\u0131na sahiptir.<\/strong><\/p>\n<p style=\"text-align: center;\"><strong>\u00d6\u011frenci daireleri ve binam\u0131z personellerimiz taraf\u0131ndan belirli aral\u0131klarla temizlenir. Binam\u0131zda\u00a0 internet kullan\u0131m\u0131 mevcuttur.<\/strong><\/p>\n<p style=\"text-align: center;\"><strong>1-2-3-4 ki\u015filik farkl\u0131 b\u00fct\u00e7elere uygun dairelerimiz, \u00f6\u011frencilerimizin rahat\u0131 ve konforu d\u00fc\u015f\u00fcn\u00fclerek dizayn edilmi\u015ftir.<\/strong><\/p>\n<p style=\"text-align: center;\"><strong>Bulundu\u011fumuz konum itibar\u0131 ile apart\u0131m\u0131z, G\u00f6k\u00e7ebey Meslek Y\u00fcksekokulu&#8217;na y\u00fcr\u00fcme mesafesindedir.<\/strong><\/p>\n<p style=\"text-align: center;\"><strong>Anbarc\u0131 K\u0131z Apart\u0131\u2019nda, siz de\u011ferli \u00f6\u011frencilerimize gen\u00e7 ve dinamik kadromuz ve sekt\u00f6rel deneyimimiz ile konforlu ve s\u0131cak bir konaklama imkan\u0131 sunuyor, g\u00fczel il\u00e7emizde sizlere, ileride keyifle ve mutlulukla hat\u0131rlayaca\u011f\u0131n\u0131z \u00fcniversite y\u0131llar\u0131n\u0131zda bir aile s\u0131cakl\u0131\u011f\u0131 ile e\u015flik etmekten mutluluk duyuyoruz.<\/strong><\/p>\n<p>[\/vc_column_text][vc_video link=&#8221;https:\/\/www.youtube.com\/watch?v=U4zKuevnX1k&#8221;][\/vc_column][\/vc_row][vc_row full_width=&#8221;stretch_row&#8221; css=&#8221;.vc_custom_1566378172663{background-color: #f4f4f4 !important;}&#8221;][vc_column][stm_spacing lg_spacing=&#8221;92&#8243; md_spacing=&#8221;92&#8243; sm_spacing=&#8221;70&#8243; xs_spacing=&#8221;65&#8243;][vc_custom_heading text=&#8221;Neden Anbarc\u0131 K\u0131z Apart\u0131&#8221; font_container=&#8221;tag:h2|text_align:center|line_height:48px&#8221; use_theme_fonts=&#8221;yes&#8221; el_class=&#8221;hide_indents mobile_align_center&#8221;][stm_spacing lg_spacing=&#8221;60&#8243; md_spacing=&#8221;60&#8243; sm_spacing=&#8221;60&#8243; xs_spacing=&#8221;60&#8243;][vc_row_inner][vc_column_inner offset=&#8221;vc_col-lg-4 vc_col-md-6&#8243;][stm_animation_block animation=&#8221;fadeInUp&#8221; animation_duration=&#8221;0.3&#8243; animation_delay=&#8221;0&#8243;][stm_icon_box box_style=&#8221;style_6&#8243; add_link=&#8221;enable&#8221; icon=&#8221;stm-shopping-cart8&#8243; icon_size=&#8221;38&#8243; icon_color=&#8221;custom&#8221; title=&#8221;Kolay Ula\u015f\u0131m&#8221; link=&#8221;url:%23|||&#8221; icon_color_custom=&#8221;#f47957&#8243;]Anbarc\u0131 Apart&#8217;ta ihtiyac\u0131n\u0131z olan her \u015fey size ula\u015fabilece\u011finiz mesafededir. Market ve \u015fehir merkezine ula\u015f\u0131m kolayd\u0131r.[\/stm_icon_box][\/stm_animation_block][stm_spacing lg_spacing=&#8221;40&#8243; md_spacing=&#8221;40&#8243; sm_spacing=&#8221;30&#8243; xs_spacing=&#8221;30&#8243;][\/vc_column_inner][vc_column_inner offset=&#8221;vc_col-lg-4 vc_col-md-6&#8243;][stm_animation_block animation=&#8221;fadeInUp&#8221; animation_duration=&#8221;0.3&#8243; animation_delay=&#8221;0&#8243;][stm_icon_box box_style=&#8221;style_6&#8243; icon=&#8221;fas fa-map-marker-alt&#8221; icon_size=&#8221;27&#8243; icon_color=&#8221;custom&#8221; title=&#8221;Konumu&#8221; icon_color_custom=&#8221;#f47957&#8243;]Mehmet ve Mithat \u00c7anakc\u0131 Meslek Y\u00fcksekokulu&#8217;na yak\u0131n mesafede yer almas\u0131 sebebiyle her an evinize yak\u0131ns\u0131n\u0131z.[\/stm_icon_box][\/stm_animation_block][stm_spacing lg_spacing=&#8221;40&#8243; md_spacing=&#8221;40&#8243; sm_spacing=&#8221;30&#8243; xs_spacing=&#8221;30&#8243;][\/vc_column_inner][vc_column_inner offset=&#8221;vc_col-lg-4 vc_col-md-6&#8243;][stm_animation_block animation=&#8221;fadeInUp&#8221; animation_duration=&#8221;0.3&#8243; animation_delay=&#8221;0&#8243;][stm_icon_box box_style=&#8221;style_6&#8243; icon=&#8221;fas fa-bed&#8221; icon_size=&#8221;48&#8243; icon_color=&#8221;custom&#8221; title=&#8221;Farkl\u0131 Oda Se\u00e7ene\u011fi&#8221; icon_color_custom=&#8221;#f47957&#8243;]Anbarc\u0131 Apart&#8217;ta isterseniz Tek; isterseniz \u00e7ift ki\u015filik odalarda konforu ve g\u00fcveni ya\u015fay\u0131n. K\u0131z \u00f6\u011frenci ve \u00e7al\u0131\u015fanlar i\u00e7in e\u015fsiz bir ortam.[\/stm_icon_box][\/stm_animation_block][stm_spacing lg_spacing=&#8221;40&#8243; md_spacing=&#8221;40&#8243; sm_spacing=&#8221;30&#8243; xs_spacing=&#8221;30&#8243;][\/vc_column_inner][vc_column_inner offset=&#8221;vc_col-lg-4 vc_col-md-6&#8243;][stm_animation_block animation=&#8221;fadeInUp&#8221; animation_duration=&#8221;0.3&#8243; animation_delay=&#8221;0.3&#8243;][stm_icon_box box_style=&#8221;style_6&#8243; icon=&#8221;stm-mumbai_security&#8221; icon_size=&#8221;52&#8243; icon_color=&#8221;custom&#8221; title=&#8221;G\u00fcvenilir&#8221; icon_color_custom=&#8221;#f47957&#8243;]Anbarc\u0131 Apart bir aile i\u015fletmesi olmas\u0131 sebebiyle bizlere emanet edilen k\u0131z \u00f6\u011frenciler i\u00e7in de\u00a0 hizmet noktas\u0131 olmay\u0131 hep ba\u015farm\u0131\u015ft\u0131r.[\/stm_icon_box][\/stm_animation_block][stm_spacing lg_spacing=&#8221;40&#8243; md_spacing=&#8221;40&#8243; sm_spacing=&#8221;30&#8243; xs_spacing=&#8221;30&#8243;][\/vc_column_inner][vc_column_inner offset=&#8221;vc_col-lg-4 vc_col-md-6&#8243;][stm_animation_block animation=&#8221;fadeInUp&#8221; animation_duration=&#8221;0.3&#8243; animation_delay=&#8221;0.3&#8243;][stm_icon_box box_style=&#8221;style_6&#8243; icon=&#8221;fas fa-wallet&#8221; icon_size=&#8221;48&#8243; icon_color=&#8221;custom&#8221; title=&#8221;Uygun Fiyat&#8221; icon_color_custom=&#8221;#f47957&#8243;]Anbarc\u0131 Apart G\u00f6k\u00e7ebey&#8217;de en uygun fiyata kaliteli hizmetin adresi olma noktas\u0131nda daima iddias\u0131n\u0131 korumu\u015ftur.[\/stm_icon_box][\/stm_animation_block][stm_spacing lg_spacing=&#8221;40&#8243; md_spacing=&#8221;40&#8243; sm_spacing=&#8221;30&#8243; xs_spacing=&#8221;30&#8243;][\/vc_column_inner][vc_column_inner offset=&#8221;vc_col-lg-4 vc_col-md-6&#8243;][stm_animation_block animation=&#8221;fadeInUp&#8221; animation_duration=&#8221;0.3&#8243; animation_delay=&#8221;0.3&#8243;][stm_icon_box box_style=&#8221;style_6&#8243; icon=&#8221;fas fa-concierge-bell&#8221; icon_size=&#8221;37&#8243; icon_color=&#8221;custom&#8221; title=&#8221;Kaliteli Hizmet&#8221; icon_color_custom=&#8221;#f47957&#8243;]Anbarc\u0131 Apart kesintisiz ve kaliteli altyap\u0131 hizmetleri ile misafirlerine daima ev konforu sunmaktad\u0131r.[\/stm_icon_box][\/stm_animation_block][stm_spacing lg_spacing=&#8221;40&#8243; md_spacing=&#8221;40&#8243; sm_spacing=&#8221;30&#8243; xs_spacing=&#8221;30&#8243;][\/vc_column_inner][\/vc_row_inner][stm_spacing lg_spacing=&#8221;40&#8243; md_spacing=&#8221;40&#8243; sm_spacing=&#8221;30&#8243; xs_spacing=&#8221;30&#8243;][\/vc_column][\/vc_row][vc_row][vc_column][vc_empty_space][vc_custom_heading text=&#8221;E\u015fsiz Konaklama Hizmeti&#8221; font_container=&#8221;tag:h2|text_align:center&#8221; use_theme_fonts=&#8221;yes&#8221;][vc_gallery images=&#8221;5407,5437,5438,5439,5440,5441,5442,5443,5444,5445,5446,5447,5448,5449,5450,5451,5452,5453,5454,5455,5456,5457,5458,5460,5461,5462,5463,5464,5465,5466,5467,5468,5469,5470,5471,5472,5473,5474,5475,5476,5477,5478,5479,5480,5481,5482,5483,5484,5485,5486,5487,5489&#8243;][\/vc_column][\/vc_row][vc_row][vc_column][vc_column_text]<\/p>\n<p style=\"text-align: center;\"><span style=\"color: #ffffff;\">G\u00f6k\u00e7ebey&#8217;de k\u0131z \u00f6\u011frenciler i\u00e7in ideal konumu ve uygun fiyatlar\u0131 ile konaklama f\u0131rsat\u0131. K\u0131z \u00f6\u011frenci yurdu. k\u0131z \u00f6\u011frenci apart\u0131. k\u0131z \u00f6\u011frenci pansiyonu.<\/span><\/p>\n<h1><span style=\"color: #ffffff;\">G\u00f6k\u00e7ebey K\u0131z Yurdu k\u0131z apart\u0131<\/span><\/h1>\n<h2><span style=\"color: #ffffff;\">G\u00f6k\u00e7ebey K\u0131z Yurdu k\u0131z apart\u0131<\/span><\/h2>\n<h3><span style=\"color: #ffffff;\">G\u00f6k\u00e7ebey K\u0131z Yurdu k\u0131z apart\u0131<\/span><\/h3>\n<h5><span style=\"color: #ffffff;\">G\u00f6k\u00e7ebey K\u0131z Yurdu k\u0131z apart\u0131<\/span><\/h5>\n<h6><span style=\"color: #ffffff;\">G\u00f6k\u00e7ebey K\u0131z Yurdu k\u0131z apart\u0131<\/span><\/h6>\n<p>&nbsp;[\/vc_column_text][\/vc_column][\/vc_row][vc_row][vc_column][\/vc_column][\/vc_row][vc_row][vc_column][\/vc_column][\/vc_row]<\/p>\n","protected":false},"excerpt":{"rendered":"<p>[vc_row css=&#8221;.vc_custom_1566555245625{margin-top: -112px !important;}&#8221;][vc_column][rev_slider_vc alias=&#8221;highlight-carousel7&#8243;][\/vc_column][\/vc_row][vc_row full_width=&#8221;stretch_row&#8221; css=&#8221;.vc_custom_1566278571833{background-position: center !important;background-repeat: no-repeat !important;background-size: cover !important;}&#8221; el_class=&#8221;third_bg_color&#8221;][vc_column][stm_spacing lg_spacing=&#8221;43&#8243; md_spacing=&#8221;43&#8243; sm_spacing=&#8221;50&#8243; xs_spacing=&#8221;60&#8243;][vc_row_inner content_placement=&#8221;middle&#8221;][vc_column_inner width=&#8221;1\/12&#8243; offset=&#8221;vc_hidden-lg vc_hidden-md vc_hidden-xs&#8221;][\/vc_column_inner][vc_column_inner el_class=&#8221;mobile_align_center&#8221; width=&#8221;5\/6&#8243; offset=&#8221;vc_col-lg-10 vc_col-md-10&#8243;][vc_column_text css=&#8221;.vc_custom_1693517550843{margin-bottom: 0px !important;}&#8221;] Valizini Al Gel! \u015eimdi siz de hemen konaklamaya haz\u0131r k\u0131z \u00f6\u011frenciler i\u00e7in \u00f6zel odan\u0131z\u0131 rezerve ettirin! [\/vc_column_text][stm_spacing lg_spacing=&#8221;0&#8243; md_spacing=&#8221;0&#8243; sm_spacing=&#8221;30&#8243; xs_spacing=&#8221;30&#8243;][\/vc_column_inner][vc_column_inner width=&#8221;1\/12&#8243; offset=&#8221;vc_hidden-lg vc_hidden-md vc_hidden-xs&#8221;][\/vc_column_inner][vc_column_inner<\/p>\n","protected":false},"author":1,"featured_media":0,"parent":0,"menu_order":0,"comment_status":"closed","ping_status":"closed","template":"","meta":{"footnotes":""},"class_list":["post-1071","page","type-page","status-publish","hentry"],"yoast_head":"<!-- This site is optimized with the Yoast SEO plugin v25.8 - https:\/\/yoast.com\/wordpress\/plugins\/seo\/ -->\n<title>G\u00f6k\u00e7ebey K\u0131z \u00d6\u011frenci Yurdu - G\u00f6k\u00e7ebey K\u0131z Yurdu<\/title>\n<meta name=\"description\" content=\"G\u00f6k\u00e7ebey K\u0131z \u00d6\u011frenci Yurdu, G\u00f6k\u00e7ebey K\u0131z \u00d6\u011frenci Pansiyonu, G\u00f6k\u00e7ebey K\u0131z \u00d6\u011frenci Apart, G\u00f6k\u00e7ebey MYO\" \/>\n<meta name=\"robots\" content=\"index, follow, max-snippet:-1, max-image-preview:large, max-video-preview:-1\" \/>\n<link rel=\"canonical\" href=\"https:\/\/gokcebeykizapart.com.tr\/\" \/>\n<meta property=\"og:locale\" content=\"tr_TR\" \/>\n<meta property=\"og:type\" content=\"article\" \/>\n<meta property=\"og:title\" content=\"G\u00f6k\u00e7ebey K\u0131z \u00d6\u011frenci Yurdu - G\u00f6k\u00e7ebey K\u0131z Yurdu\" \/>\n<meta property=\"og:description\" content=\"G\u00f6k\u00e7ebey K\u0131z \u00d6\u011frenci Yurdu, G\u00f6k\u00e7ebey K\u0131z \u00d6\u011frenci Pansiyonu, G\u00f6k\u00e7ebey K\u0131z \u00d6\u011frenci Apart, G\u00f6k\u00e7ebey MYO\" \/>\n<meta property=\"og:url\" content=\"https:\/\/gokcebeykizapart.com.tr\/\" \/>\n<meta property=\"og:site_name\" content=\"G\u00f6k\u00e7ebey K\u0131z Yurdu\" \/>\n<meta property=\"article:publisher\" content=\"https:\/\/www.facebook.com\/berbersezginanbarc\" \/>\n<meta property=\"article:modified_time\" content=\"2025-08-28T23:54:15+00:00\" \/>\n<meta property=\"og:image\" content=\"https:\/\/gokcebeykizapart.com.tr\/wp-content\/uploads\/2025\/08\/WhatsApp-Image-2025-08-12-at-11.54.41-4.jpeg\" \/>\n\t<meta property=\"og:image:width\" content=\"1600\" \/>\n\t<meta property=\"og:image:height\" content=\"1066\" \/>\n\t<meta property=\"og:image:type\" content=\"image\/jpeg\" \/>\n<meta name=\"twitter:card\" content=\"summary_large_image\" \/>\n<meta name=\"twitter:label1\" content=\"Tahmini okuma s\u00fcresi\" \/>\n\t<meta name=\"twitter:data1\" content=\"2 dakika\" \/>\n<script type=\"application\/ld+json\" class=\"yoast-schema-graph\">{\"@context\":\"https:\/\/schema.org\",\"@graph\":[{\"@type\":\"WebPage\",\"@id\":\"https:\/\/gokcebeykizapart.com.tr\/\",\"url\":\"https:\/\/gokcebeykizapart.com.tr\/\",\"name\":\"G\u00f6k\u00e7ebey K\u0131z \u00d6\u011frenci Yurdu - G\u00f6k\u00e7ebey K\u0131z Yurdu\",\"isPartOf\":{\"@id\":\"https:\/\/gokcebeykizapart.com.tr\/#website\"},\"datePublished\":\"2015-12-14T07:14:55+00:00\",\"dateModified\":\"2025-08-28T23:54:15+00:00\",\"description\":\"G\u00f6k\u00e7ebey K\u0131z \u00d6\u011frenci Yurdu, G\u00f6k\u00e7ebey K\u0131z \u00d6\u011frenci Pansiyonu, G\u00f6k\u00e7ebey K\u0131z \u00d6\u011frenci Apart, G\u00f6k\u00e7ebey MYO\",\"breadcrumb\":{\"@id\":\"https:\/\/gokcebeykizapart.com.tr\/#breadcrumb\"},\"inLanguage\":\"tr\",\"potentialAction\":[{\"@type\":\"ReadAction\",\"target\":[\"https:\/\/gokcebeykizapart.com.tr\/\"]}]},{\"@type\":\"BreadcrumbList\",\"@id\":\"https:\/\/gokcebeykizapart.com.tr\/#breadcrumb\",\"itemListElement\":[{\"@type\":\"ListItem\",\"position\":1,\"name\":\"Anasayfa\",\"item\":\"https:\/\/gokcebeykizapart.com.tr\/\"},{\"@type\":\"ListItem\",\"position\":2,\"name\":\"G\u00f6k\u00e7ebey K\u0131z \u00d6\u011frenci Yurdu\"}]},{\"@type\":\"WebSite\",\"@id\":\"https:\/\/gokcebeykizapart.com.tr\/#website\",\"url\":\"https:\/\/gokcebeykizapart.com.tr\/\",\"name\":\"G\u00f6k\u00e7ebey K\u0131z \u00d6\u011frenci Yurdu ve K\u0131z Apart\u0131\",\"description\":\"G\u00f6k\u00e7ebey K\u0131z Yurdu\",\"publisher\":{\"@id\":\"https:\/\/gokcebeykizapart.com.tr\/#organization\"},\"alternateName\":\"G\u00f6k\u00e7ebey MYO K\u0131z Yurdu\",\"potentialAction\":[{\"@type\":\"SearchAction\",\"target\":{\"@type\":\"EntryPoint\",\"urlTemplate\":\"https:\/\/gokcebeykizapart.com.tr\/?s={search_term_string}\"},\"query-input\":{\"@type\":\"PropertyValueSpecification\",\"valueRequired\":true,\"valueName\":\"search_term_string\"}}],\"inLanguage\":\"tr\"},{\"@type\":\"Organization\",\"@id\":\"https:\/\/gokcebeykizapart.com.tr\/#organization\",\"name\":\"G\u00f6k\u00e7ebey K\u0131z Yurdu\",\"alternateName\":\"G\u00f6k\u00e7ebey K\u0131z \u00d6\u011frenci Pansiyon ve Apart\",\"url\":\"https:\/\/gokcebeykizapart.com.tr\/\",\"logo\":{\"@type\":\"ImageObject\",\"inLanguage\":\"tr\",\"@id\":\"https:\/\/gokcebeykizapart.com.tr\/#\/schema\/logo\/image\/\",\"url\":\"https:\/\/gokcebeykizapart.com.tr\/wp-content\/uploads\/2025\/08\/logoanbarci-scaled.png\",\"contentUrl\":\"https:\/\/gokcebeykizapart.com.tr\/wp-content\/uploads\/2025\/08\/logoanbarci-scaled.png\",\"width\":2560,\"height\":537,\"caption\":\"G\u00f6k\u00e7ebey K\u0131z Yurdu\"},\"image\":{\"@id\":\"https:\/\/gokcebeykizapart.com.tr\/#\/schema\/logo\/image\/\"},\"sameAs\":[\"https:\/\/www.facebook.com\/berbersezginanbarc\"]}]}<\/script>\n<!-- \/ Yoast SEO plugin. -->","yoast_head_json":{"title":"G\u00f6k\u00e7ebey K\u0131z \u00d6\u011frenci Yurdu - G\u00f6k\u00e7ebey K\u0131z Yurdu","description":"G\u00f6k\u00e7ebey K\u0131z \u00d6\u011frenci Yurdu, G\u00f6k\u00e7ebey K\u0131z \u00d6\u011frenci Pansiyonu, G\u00f6k\u00e7ebey K\u0131z \u00d6\u011frenci Apart, G\u00f6k\u00e7ebey MYO","robots":{"index":"index","follow":"follow","max-snippet":"max-snippet:-1","max-image-preview":"max-image-preview:large","max-video-preview":"max-video-preview:-1"},"canonical":"https:\/\/gokcebeykizapart.com.tr\/","og_locale":"tr_TR","og_type":"article","og_title":"G\u00f6k\u00e7ebey K\u0131z \u00d6\u011frenci Yurdu - G\u00f6k\u00e7ebey K\u0131z Yurdu","og_description":"G\u00f6k\u00e7ebey K\u0131z \u00d6\u011frenci Yurdu, G\u00f6k\u00e7ebey K\u0131z \u00d6\u011frenci Pansiyonu, G\u00f6k\u00e7ebey K\u0131z \u00d6\u011frenci Apart, G\u00f6k\u00e7ebey MYO","og_url":"https:\/\/gokcebeykizapart.com.tr\/","og_site_name":"G\u00f6k\u00e7ebey K\u0131z Yurdu","article_publisher":"https:\/\/www.facebook.com\/berbersezginanbarc","article_modified_time":"2025-08-28T23:54:15+00:00","og_image":[{"width":1600,"height":1066,"url":"https:\/\/gokcebeykizapart.com.tr\/wp-content\/uploads\/2025\/08\/WhatsApp-Image-2025-08-12-at-11.54.41-4.jpeg","type":"image\/jpeg"}],"twitter_card":"summary_large_image","twitter_misc":{"Tahmini okuma s\u00fcresi":"2 dakika"},"schema":{"@context":"https:\/\/schema.org","@graph":[{"@type":"WebPage","@id":"https:\/\/gokcebeykizapart.com.tr\/","url":"https:\/\/gokcebeykizapart.com.tr\/","name":"G\u00f6k\u00e7ebey K\u0131z \u00d6\u011frenci Yurdu - G\u00f6k\u00e7ebey K\u0131z Yurdu","isPartOf":{"@id":"https:\/\/gokcebeykizapart.com.tr\/#website"},"datePublished":"2015-12-14T07:14:55+00:00","dateModified":"2025-08-28T23:54:15+00:00","description":"G\u00f6k\u00e7ebey K\u0131z \u00d6\u011frenci Yurdu, G\u00f6k\u00e7ebey K\u0131z \u00d6\u011frenci Pansiyonu, G\u00f6k\u00e7ebey K\u0131z \u00d6\u011frenci Apart, G\u00f6k\u00e7ebey MYO","breadcrumb":{"@id":"https:\/\/gokcebeykizapart.com.tr\/#breadcrumb"},"inLanguage":"tr","potentialAction":[{"@type":"ReadAction","target":["https:\/\/gokcebeykizapart.com.tr\/"]}]},{"@type":"BreadcrumbList","@id":"https:\/\/gokcebeykizapart.com.tr\/#breadcrumb","itemListElement":[{"@type":"ListItem","position":1,"name":"Anasayfa","item":"https:\/\/gokcebeykizapart.com.tr\/"},{"@type":"ListItem","position":2,"name":"G\u00f6k\u00e7ebey K\u0131z \u00d6\u011frenci Yurdu"}]},{"@type":"WebSite","@id":"https:\/\/gokcebeykizapart.com.tr\/#website","url":"https:\/\/gokcebeykizapart.com.tr\/","name":"G\u00f6k\u00e7ebey K\u0131z \u00d6\u011frenci Yurdu ve K\u0131z Apart\u0131","description":"G\u00f6k\u00e7ebey K\u0131z Yurdu","publisher":{"@id":"https:\/\/gokcebeykizapart.com.tr\/#organization"},"alternateName":"G\u00f6k\u00e7ebey MYO K\u0131z Yurdu","potentialAction":[{"@type":"SearchAction","target":{"@type":"EntryPoint","urlTemplate":"https:\/\/gokcebeykizapart.com.tr\/?s={search_term_string}"},"query-input":{"@type":"PropertyValueSpecification","valueRequired":true,"valueName":"search_term_string"}}],"inLanguage":"tr"},{"@type":"Organization","@id":"https:\/\/gokcebeykizapart.com.tr\/#organization","name":"G\u00f6k\u00e7ebey K\u0131z Yurdu","alternateName":"G\u00f6k\u00e7ebey K\u0131z \u00d6\u011frenci Pansiyon ve Apart","url":"https:\/\/gokcebeykizapart.com.tr\/","logo":{"@type":"ImageObject","inLanguage":"tr","@id":"https:\/\/gokcebeykizapart.com.tr\/#\/schema\/logo\/image\/","url":"https:\/\/gokcebeykizapart.com.tr\/wp-content\/uploads\/2025\/08\/logoanbarci-scaled.png","contentUrl":"https:\/\/gokcebeykizapart.com.tr\/wp-content\/uploads\/2025\/08\/logoanbarci-scaled.png","width":2560,"height":537,"caption":"G\u00f6k\u00e7ebey K\u0131z Yurdu"},"image":{"@id":"https:\/\/gokcebeykizapart.com.tr\/#\/schema\/logo\/image\/"},"sameAs":["https:\/\/www.facebook.com\/berbersezginanbarc"]}]}},"_links":{"self":[{"href":"https:\/\/gokcebeykizapart.com.tr\/index.php?rest_route=\/wp\/v2\/pages\/1071","targetHints":{"allow":["GET"]}}],"collection":[{"href":"https:\/\/gokcebeykizapart.com.tr\/index.php?rest_route=\/wp\/v2\/pages"}],"about":[{"href":"https:\/\/gokcebeykizapart.com.tr\/index.php?rest_route=\/wp\/v2\/types\/page"}],"author":[{"embeddable":true,"href":"https:\/\/gokcebeykizapart.com.tr\/index.php?rest_route=\/wp\/v2\/users\/1"}],"replies":[{"embeddable":true,"href":"https:\/\/gokcebeykizapart.com.tr\/index.php?rest_route=%2Fwp%2Fv2%2Fcomments&post=1071"}],"version-history":[{"count":25,"href":"https:\/\/gokcebeykizapart.com.tr\/index.php?rest_route=\/wp\/v2\/pages\/1071\/revisions"}],"predecessor-version":[{"id":5493,"href":"https:\/\/gokcebeykizapart.com.tr\/index.php?rest_route=\/wp\/v2\/pages\/1071\/revisions\/5493"}],"wp:attachment":[{"href":"https:\/\/gokcebeykizapart.com.tr\/index.php?rest_route=%2Fwp%2Fv2%2Fmedia&parent=1071"}],"curies":[{"name":"wp","href":"https:\/\/api.w.org\/{rel}","templated":true}]}}