{"id":5283,"date":"2023-08-31T21:08:30","date_gmt":"2023-08-31T21:08:30","guid":{"rendered":"https:\/\/www.masalbungalov.site\/?page_id=5283"},"modified":"2025-08-13T08:03:01","modified_gmt":"2025-08-13T08:03:01","slug":"iletisim","status":"publish","type":"page","link":"https:\/\/gokcebeykizapart.com.tr\/?page_id=5283","title":{"rendered":"\u0130leti\u015fim"},"content":{"rendered":"<p>[vc_row][vc_column width=&#8221;1\/2&#8243;][vc_column_text]<strong>Anbarc\u0131 K\u0131z Apart\u0131<\/strong><\/p>\n<p>Uzun Ahmetler Cd.<\/p>\n<p>G\u00f6k\u00e7ebey\/Zonguldak<\/p>\n<p>0543 839 34 57[\/vc_column_text][\/vc_column][vc_column width=&#8221;1\/2&#8243;][vc_raw_html]JTNDaWZyYW1lJTIwc3JjJTNEJTIyaHR0cHMlM0ElMkYlMkZ3d3cuZ29vZ2xlLmNvbSUyRm1hcHMlMkZlbWJlZCUzRnBiJTNEJTIxMW0xOCUyMTFtMTIlMjExbTMlMjExZDE0OTguMzQ1NjM3NTA5MDg4NiUyMTJkMzIuMTYzOTE3MDkzNDUyMzMlMjEzZDQxLjMxNTU3OTMwNTI3NzQ0NiUyMTJtMyUyMTFmMCUyMTJmMCUyMTNmMCUyMTNtMiUyMTFpMTAyNCUyMTJpNzY4JTIxNGYxMy4xJTIxM20zJTIxMW0yJTIxMXMweDQwOWM5OWJlZDg4YjhhMjklMjUzQTB4YmQyMzFlZmVlY2I2M2FkOSUyMTJzJTI1QzMlMjU5NnplbCUyNTIwQW5iYXJjJTI1QzQlMjVCMSUyNTIwQXBhcnQlMjUyMEV2aSUyMTVlMCUyMTNtMiUyMTFzdHIlMjEyc3RyJTIxNHYxNzU1MDcyMDg1NTM2JTIxNW0yJTIxMXN0ciUyMTJzdHIlMjIlMjB3aWR0aCUzRCUyMjYwMCUyMiUyMGhlaWdodCUzRCUyMjQ1MCUyMiUyMHN0eWxlJTNEJTIyYm9yZGVyJTNBMCUzQiUyMiUyMGFsbG93ZnVsbHNjcmVlbiUzRCUyMiUyMiUyMGxvYWRpbmclM0QlMjJsYXp5JTIyJTIwcmVmZXJyZXJwb2xpY3klM0QlMjJuby1yZWZlcnJlci13aGVuLWRvd25ncmFkZSUyMiUzRSUzQyUyRmlmcmFtZSUzRQ==[\/vc_raw_html][\/vc_column][\/vc_row]<\/p>\n","protected":false},"excerpt":{"rendered":"<p>[vc_row][vc_column width=&#8221;1\/2&#8243;][vc_column_text]Anbarc\u0131 K\u0131z Apart\u0131 Uzun Ahmetler Cd. G\u00f6k\u00e7ebey\/Zonguldak 0543 839 34 57[\/vc_column_text][\/vc_column][vc_column width=&#8221;1\/2&#8243;][vc_raw_html]JTNDaWZyYW1lJTIwc3JjJTNEJTIyaHR0cHMlM0ElMkYlMkZ3d3cuZ29vZ2xlLmNvbSUyRm1hcHMlMkZlbWJlZCUzRnBiJTNEJTIxMW0xOCUyMTFtMTIlMjExbTMlMjExZDE0OTguMzQ1NjM3NTA5MDg4NiUyMTJkMzIuMTYzOTE3MDkzNDUyMzMlMjEzZDQxLjMxNTU3OTMwNTI3NzQ0NiUyMTJtMyUyMTFmMCUyMTJmMCUyMTNmMCUyMTNtMiUyMTFpMTAyNCUyMTJpNzY4JTIxNGYxMy4xJTIxM20zJTIxMW0yJTIxMXMweDQwOWM5OWJlZDg4YjhhMjklMjUzQTB4YmQyMzFlZmVlY2I2M2FkOSUyMTJzJTI1QzMlMjU5NnplbCUyNTIwQW5iYXJjJTI1QzQlMjVCMSUyNTIwQXBhcnQlMjUyMEV2aSUyMTVlMCUyMTNtMiUyMTFzdHIlMjEyc3RyJTIxNHYxNzU1MDcyMDg1NTM2JTIxNW0yJTIxMXN0ciUyMTJzdHIlMjIlMjB3aWR0aCUzRCUyMjYwMCUyMiUyMGhlaWdodCUzRCUyMjQ1MCUyMiUyMHN0eWxlJTNEJTIyYm9yZGVyJTNBMCUzQiUyMiUyMGFsbG93ZnVsbHNjcmVlbiUzRCUyMiUyMiUyMGxvYWRpbmclM0QlMjJsYXp5JTIyJTIwcmVmZXJyZXJwb2xpY3klM0QlMjJuby1yZWZlcnJlci13aGVuLWRvd25ncmFkZSUyMiUzRSUzQyUyRmlmcmFtZSUzRQ==[\/vc_raw_html][\/vc_column][\/vc_row]<\/p>\n","protected":false},"author":1,"featured_media":0,"parent":0,"menu_order":0,"comment_status":"closed","ping_status":"closed","template":"","meta":{"footnotes":""},"class_list":["post-5283","page","type-page","status-publish","hentry"],"yoast_head":"<!-- This site is optimized with the Yoast SEO plugin v25.8 - https:\/\/yoast.com\/wordpress\/plugins\/seo\/ -->\n<title>\u0130leti\u015fim - G\u00f6k\u00e7ebey K\u0131z Yurdu<\/title>\n<meta name=\"description\" content=\"G\u00f6k\u00e7ebey K\u0131z \u00d6\u011frenci Yurdu, G\u00f6k\u00e7ebey K\u0131z \u00d6\u011frenci Pansiyonu, G\u00f6k\u00e7ebey K\u0131z \u00d6\u011frenci Apart, G\u00f6k\u00e7ebey MYO\" \/>\n<meta name=\"robots\" content=\"index, follow, max-snippet:-1, max-image-preview:large, max-video-preview:-1\" \/>\n<link rel=\"canonical\" href=\"https:\/\/gokcebeykizapart.com.tr\/?page_id=5283\" \/>\n<meta property=\"og:locale\" content=\"tr_TR\" \/>\n<meta property=\"og:type\" content=\"article\" \/>\n<meta property=\"og:title\" content=\"\u0130leti\u015fim - G\u00f6k\u00e7ebey K\u0131z Yurdu\" \/>\n<meta property=\"og:description\" content=\"G\u00f6k\u00e7ebey K\u0131z \u00d6\u011frenci Yurdu, G\u00f6k\u00e7ebey K\u0131z \u00d6\u011frenci Pansiyonu, G\u00f6k\u00e7ebey K\u0131z \u00d6\u011frenci Apart, G\u00f6k\u00e7ebey MYO\" \/>\n<meta property=\"og:url\" content=\"https:\/\/gokcebeykizapart.com.tr\/?page_id=5283\" \/>\n<meta property=\"og:site_name\" content=\"G\u00f6k\u00e7ebey K\u0131z Yurdu\" \/>\n<meta property=\"article:publisher\" content=\"https:\/\/www.facebook.com\/berbersezginanbarc\" \/>\n<meta property=\"article:modified_time\" content=\"2025-08-13T08:03:01+00:00\" \/>\n<meta property=\"og:image\" content=\"https:\/\/gokcebeykizapart.com.tr\/wp-content\/uploads\/2025\/08\/WhatsApp-Image-2025-08-12-at-11.54.41-4.jpeg\" \/>\n\t<meta property=\"og:image:width\" content=\"1600\" \/>\n\t<meta property=\"og:image:height\" content=\"1066\" \/>\n\t<meta property=\"og:image:type\" content=\"image\/jpeg\" \/>\n<meta name=\"twitter:card\" content=\"summary_large_image\" \/>\n<script type=\"application\/ld+json\" class=\"yoast-schema-graph\">{\"@context\":\"https:\/\/schema.org\",\"@graph\":[{\"@type\":\"WebPage\",\"@id\":\"https:\/\/gokcebeykizapart.com.tr\/?page_id=5283\",\"url\":\"https:\/\/gokcebeykizapart.com.tr\/?page_id=5283\",\"name\":\"\u0130leti\u015fim - G\u00f6k\u00e7ebey K\u0131z Yurdu\",\"isPartOf\":{\"@id\":\"https:\/\/gokcebeykizapart.com.tr\/#website\"},\"datePublished\":\"2023-08-31T21:08:30+00:00\",\"dateModified\":\"2025-08-13T08:03:01+00:00\",\"description\":\"G\u00f6k\u00e7ebey K\u0131z \u00d6\u011frenci Yurdu, G\u00f6k\u00e7ebey K\u0131z \u00d6\u011frenci Pansiyonu, G\u00f6k\u00e7ebey K\u0131z \u00d6\u011frenci Apart, G\u00f6k\u00e7ebey MYO\",\"breadcrumb\":{\"@id\":\"https:\/\/gokcebeykizapart.com.tr\/?page_id=5283#breadcrumb\"},\"inLanguage\":\"tr\",\"potentialAction\":[{\"@type\":\"ReadAction\",\"target\":[\"https:\/\/gokcebeykizapart.com.tr\/?page_id=5283\"]}]},{\"@type\":\"BreadcrumbList\",\"@id\":\"https:\/\/gokcebeykizapart.com.tr\/?page_id=5283#breadcrumb\",\"itemListElement\":[{\"@type\":\"ListItem\",\"position\":1,\"name\":\"Anasayfa\",\"item\":\"https:\/\/gokcebeykizapart.com.tr\/\"},{\"@type\":\"ListItem\",\"position\":2,\"name\":\"\u0130leti\u015fim\"}]},{\"@type\":\"WebSite\",\"@id\":\"https:\/\/gokcebeykizapart.com.tr\/#website\",\"url\":\"https:\/\/gokcebeykizapart.com.tr\/\",\"name\":\"G\u00f6k\u00e7ebey K\u0131z \u00d6\u011frenci Yurdu ve K\u0131z Apart\u0131\",\"description\":\"G\u00f6k\u00e7ebey K\u0131z Yurdu\",\"publisher\":{\"@id\":\"https:\/\/gokcebeykizapart.com.tr\/#organization\"},\"alternateName\":\"G\u00f6k\u00e7ebey MYO K\u0131z Yurdu\",\"potentialAction\":[{\"@type\":\"SearchAction\",\"target\":{\"@type\":\"EntryPoint\",\"urlTemplate\":\"https:\/\/gokcebeykizapart.com.tr\/?s={search_term_string}\"},\"query-input\":{\"@type\":\"PropertyValueSpecification\",\"valueRequired\":true,\"valueName\":\"search_term_string\"}}],\"inLanguage\":\"tr\"},{\"@type\":\"Organization\",\"@id\":\"https:\/\/gokcebeykizapart.com.tr\/#organization\",\"name\":\"G\u00f6k\u00e7ebey K\u0131z Yurdu\",\"alternateName\":\"G\u00f6k\u00e7ebey K\u0131z \u00d6\u011frenci Pansiyon ve Apart\",\"url\":\"https:\/\/gokcebeykizapart.com.tr\/\",\"logo\":{\"@type\":\"ImageObject\",\"inLanguage\":\"tr\",\"@id\":\"https:\/\/gokcebeykizapart.com.tr\/#\/schema\/logo\/image\/\",\"url\":\"https:\/\/gokcebeykizapart.com.tr\/wp-content\/uploads\/2025\/08\/logoanbarci-scaled.png\",\"contentUrl\":\"https:\/\/gokcebeykizapart.com.tr\/wp-content\/uploads\/2025\/08\/logoanbarci-scaled.png\",\"width\":2560,\"height\":537,\"caption\":\"G\u00f6k\u00e7ebey K\u0131z Yurdu\"},\"image\":{\"@id\":\"https:\/\/gokcebeykizapart.com.tr\/#\/schema\/logo\/image\/\"},\"sameAs\":[\"https:\/\/www.facebook.com\/berbersezginanbarc\"]}]}<\/script>\n<!-- \/ Yoast SEO plugin. -->","yoast_head_json":{"title":"\u0130leti\u015fim - G\u00f6k\u00e7ebey K\u0131z Yurdu","description":"G\u00f6k\u00e7ebey K\u0131z \u00d6\u011frenci Yurdu, G\u00f6k\u00e7ebey K\u0131z \u00d6\u011frenci Pansiyonu, G\u00f6k\u00e7ebey K\u0131z \u00d6\u011frenci Apart, G\u00f6k\u00e7ebey MYO","robots":{"index":"index","follow":"follow","max-snippet":"max-snippet:-1","max-image-preview":"max-image-preview:large","max-video-preview":"max-video-preview:-1"},"canonical":"https:\/\/gokcebeykizapart.com.tr\/?page_id=5283","og_locale":"tr_TR","og_type":"article","og_title":"\u0130leti\u015fim - G\u00f6k\u00e7ebey K\u0131z Yurdu","og_description":"G\u00f6k\u00e7ebey K\u0131z \u00d6\u011frenci Yurdu, G\u00f6k\u00e7ebey K\u0131z \u00d6\u011frenci Pansiyonu, G\u00f6k\u00e7ebey K\u0131z \u00d6\u011frenci Apart, G\u00f6k\u00e7ebey MYO","og_url":"https:\/\/gokcebeykizapart.com.tr\/?page_id=5283","og_site_name":"G\u00f6k\u00e7ebey K\u0131z Yurdu","article_publisher":"https:\/\/www.facebook.com\/berbersezginanbarc","article_modified_time":"2025-08-13T08:03:01+00:00","og_image":[{"width":1600,"height":1066,"url":"https:\/\/gokcebeykizapart.com.tr\/wp-content\/uploads\/2025\/08\/WhatsApp-Image-2025-08-12-at-11.54.41-4.jpeg","type":"image\/jpeg"}],"twitter_card":"summary_large_image","schema":{"@context":"https:\/\/schema.org","@graph":[{"@type":"WebPage","@id":"https:\/\/gokcebeykizapart.com.tr\/?page_id=5283","url":"https:\/\/gokcebeykizapart.com.tr\/?page_id=5283","name":"\u0130leti\u015fim - G\u00f6k\u00e7ebey K\u0131z Yurdu","isPartOf":{"@id":"https:\/\/gokcebeykizapart.com.tr\/#website"},"datePublished":"2023-08-31T21:08:30+00:00","dateModified":"2025-08-13T08:03:01+00:00","description":"G\u00f6k\u00e7ebey K\u0131z \u00d6\u011frenci Yurdu, G\u00f6k\u00e7ebey K\u0131z \u00d6\u011frenci Pansiyonu, G\u00f6k\u00e7ebey K\u0131z \u00d6\u011frenci Apart, G\u00f6k\u00e7ebey MYO","breadcrumb":{"@id":"https:\/\/gokcebeykizapart.com.tr\/?page_id=5283#breadcrumb"},"inLanguage":"tr","potentialAction":[{"@type":"ReadAction","target":["https:\/\/gokcebeykizapart.com.tr\/?page_id=5283"]}]},{"@type":"BreadcrumbList","@id":"https:\/\/gokcebeykizapart.com.tr\/?page_id=5283#breadcrumb","itemListElement":[{"@type":"ListItem","position":1,"name":"Anasayfa","item":"https:\/\/gokcebeykizapart.com.tr\/"},{"@type":"ListItem","position":2,"name":"\u0130leti\u015fim"}]},{"@type":"WebSite","@id":"https:\/\/gokcebeykizapart.com.tr\/#website","url":"https:\/\/gokcebeykizapart.com.tr\/","name":"G\u00f6k\u00e7ebey K\u0131z \u00d6\u011frenci Yurdu ve K\u0131z Apart\u0131","description":"G\u00f6k\u00e7ebey K\u0131z Yurdu","publisher":{"@id":"https:\/\/gokcebeykizapart.com.tr\/#organization"},"alternateName":"G\u00f6k\u00e7ebey MYO K\u0131z Yurdu","potentialAction":[{"@type":"SearchAction","target":{"@type":"EntryPoint","urlTemplate":"https:\/\/gokcebeykizapart.com.tr\/?s={search_term_string}"},"query-input":{"@type":"PropertyValueSpecification","valueRequired":true,"valueName":"search_term_string"}}],"inLanguage":"tr"},{"@type":"Organization","@id":"https:\/\/gokcebeykizapart.com.tr\/#organization","name":"G\u00f6k\u00e7ebey K\u0131z Yurdu","alternateName":"G\u00f6k\u00e7ebey K\u0131z \u00d6\u011frenci Pansiyon ve Apart","url":"https:\/\/gokcebeykizapart.com.tr\/","logo":{"@type":"ImageObject","inLanguage":"tr","@id":"https:\/\/gokcebeykizapart.com.tr\/#\/schema\/logo\/image\/","url":"https:\/\/gokcebeykizapart.com.tr\/wp-content\/uploads\/2025\/08\/logoanbarci-scaled.png","contentUrl":"https:\/\/gokcebeykizapart.com.tr\/wp-content\/uploads\/2025\/08\/logoanbarci-scaled.png","width":2560,"height":537,"caption":"G\u00f6k\u00e7ebey K\u0131z Yurdu"},"image":{"@id":"https:\/\/gokcebeykizapart.com.tr\/#\/schema\/logo\/image\/"},"sameAs":["https:\/\/www.facebook.com\/berbersezginanbarc"]}]}},"_links":{"self":[{"href":"https:\/\/gokcebeykizapart.com.tr\/index.php?rest_route=\/wp\/v2\/pages\/5283","targetHints":{"allow":["GET"]}}],"collection":[{"href":"https:\/\/gokcebeykizapart.com.tr\/index.php?rest_route=\/wp\/v2\/pages"}],"about":[{"href":"https:\/\/gokcebeykizapart.com.tr\/index.php?rest_route=\/wp\/v2\/types\/page"}],"author":[{"embeddable":true,"href":"https:\/\/gokcebeykizapart.com.tr\/index.php?rest_route=\/wp\/v2\/users\/1"}],"replies":[{"embeddable":true,"href":"https:\/\/gokcebeykizapart.com.tr\/index.php?rest_route=%2Fwp%2Fv2%2Fcomments&post=5283"}],"version-history":[{"count":5,"href":"https:\/\/gokcebeykizapart.com.tr\/index.php?rest_route=\/wp\/v2\/pages\/5283\/revisions"}],"predecessor-version":[{"id":5431,"href":"https:\/\/gokcebeykizapart.com.tr\/index.php?rest_route=\/wp\/v2\/pages\/5283\/revisions\/5431"}],"wp:attachment":[{"href":"https:\/\/gokcebeykizapart.com.tr\/index.php?rest_route=%2Fwp%2Fv2%2Fmedia&parent=5283"}],"curies":[{"name":"wp","href":"https:\/\/api.w.org\/{rel}","templated":true}]}}